{"id":467,"date":"2025-03-28T14:58:11","date_gmt":"2025-03-28T14:58:11","guid":{"rendered":"https:\/\/gruper.com.do\/web\/?page_id=467"},"modified":"2025-09-14T22:34:48","modified_gmt":"2025-09-14T22:34:48","slug":"renta-de-equipos","status":"publish","type":"page","link":"https:\/\/gruper.com.do\/web\/renta-de-equipos\/","title":{"rendered":"Renta de Equipos"},"content":{"rendered":"<div  class='flex_column av-mescb-30ef203db7974b2dff58777c9815bf89 av_one_full  avia-builder-el-0  el_before_av_three_fourth  avia-builder-el-first  first flex_column_div  '     ><style type=\"text\/css\" data-created_by=\"avia_inline_auto\" id=\"style-css-av-m8svov32-b04dca746d25cd0540bf3ba59714fbca\">\n#top .av-special-heading.av-m8svov32-b04dca746d25cd0540bf3ba59714fbca{\npadding-bottom:10px;\ncolor:#1a8e8e;\n}\nbody .av-special-heading.av-m8svov32-b04dca746d25cd0540bf3ba59714fbca .av-special-heading-tag .heading-char{\nfont-size:25px;\n}\n.av-special-heading.av-m8svov32-b04dca746d25cd0540bf3ba59714fbca .special-heading-inner-border{\nborder-color:#1a8e8e;\n}\n.av-special-heading.av-m8svov32-b04dca746d25cd0540bf3ba59714fbca .av-subheading{\nfont-size:15px;\n}\n<\/style>\n<div  class='av-special-heading av-m8svov32-b04dca746d25cd0540bf3ba59714fbca av-special-heading-h1 custom-color-heading blockquote elegant-quote elegant-centered  avia-builder-el-1  avia-builder-el-no-sibling '><h1 class='av-special-heading-tag '  itemprop=\"headline\"  ><span class=\"heading-wrap\">Renta de Equipos<\/span><\/h1><div class=\"special-heading-border\"><div class=\"special-heading-inner-border\"><\/div><\/div><\/div><\/div>\n<div  class='flex_column av-76l03-a58cbf85590640e164e8dcc94ad64952 av_three_fourth  avia-builder-el-2  el_after_av_one_full  el_before_av_one_fourth  first flex_column_div av-animated-generic fade-in  column-top-margin'     ><style type=\"text\/css\" data-created_by=\"avia_inline_auto\" id=\"style-css-av-m8sw1vqm-35e4aae47eacad236f7f1b37ade076aa\">\n#top .av_textblock_section.av-m8sw1vqm-35e4aae47eacad236f7f1b37ade076aa .avia_textblock{\nfont-size:18px;\n}\n<\/style>\n<section  class='av_textblock_section av-m8sw1vqm-35e4aae47eacad236f7f1b37ade076aa '   itemscope=\"itemscope\" itemtype=\"https:\/\/schema.org\/CreativeWork\" ><div class='avia_textblock'  itemprop=\"text\" ><p style=\"text-align: left;\">Ponemos a su disposici\u00f3n una amplia gama de equipos para construcci\u00f3n, movimiento de tierra y transporte de materiales. Nuestra flota est\u00e1 en \u00f3ptimas condiciones y lista para cumplir con los m\u00e1s altos est\u00e1ndares de seguridad y rendimiento en cada proyecto.<\/p>\n<\/div><\/section><\/div>\n<div  class='flex_column av-gt6mj-592e297fe324235da655b5c165ce2ad2 av_one_fourth  avia-builder-el-4  el_after_av_three_fourth  el_before_av_one_full  flex_column_div av-animated-generic fade-in  column-top-margin'     ><div  class='avia-button-wrap avia-button-center  avia-builder-el-5  avia-builder-el-no-sibling '>\n<style type=\"text\/css\" data-created_by=\"avia_inline_auto\" id=\"style-css-av-a4gqb-257fd012e35e62111c19dbdd8346c5a6\">\n#top #wrap_all .avia-button.av-a4gqb-257fd012e35e62111c19dbdd8346c5a6:hover{\ncolor:black;\ntransition:all 0.4s ease-in-out;\n}\n#top #wrap_all .avia-button.av-a4gqb-257fd012e35e62111c19dbdd8346c5a6:hover .avia-svg-icon svg:first-child{\nfill:black;\nstroke:black;\n}\n<\/style>\n<a href='https:\/\/gruper.com.do\/web\/contactar\/' class='avia-color-theme-color-subtle avia-font-color-aqua avia-button avia-button-fullwidth av-a4gqb-257fd012e35e62111c19dbdd8346c5a6 avia-icon_select-no avia-color-theme-color-subtle'   aria-label=\"Poner en contacto\"><span class='avia_iconbox_title' >Poner en contacto<\/span><span class='avia_button_background avia-button avia-button-fullwidth avia-color-theme-color-highlight'><\/span><\/a><\/div><\/div>\n<div  class='flex_column av-hia6b-6acfcf919263349e29570b0b5134914c av_one_full  avia-builder-el-6  el_after_av_one_fourth  el_before_av_button  first flex_column_div av-animated-generic fade-in  column-top-margin'     ><div id='av-masonry-1' class='av-masonry av-m8swf51l-27f99289114ee803b44dda2817009892 noHover av-fixed-size av-1px-gap av-hover-overlay-active av-masonry-animation-active av-masonry-col-3 av-caption-always av-caption-style- av-masonry-gallery ' data-post_id=\"467\"><div class=\"av-masonry-container isotope av-js-disabled\"><div class='av-masonry-entry isotope-item av-masonry-item-no-image '><\/div><a href=\"https:\/\/gruper.com.do\/web\/wp-content\/uploads\/2025\/03\/Camion-1-1030x773.jpg\" data-srcset=\"https:\/\/gruper.com.do\/web\/wp-content\/uploads\/2025\/03\/Camion-1-1030x773.jpg 1030w, https:\/\/gruper.com.do\/web\/wp-content\/uploads\/2025\/03\/Camion-1-300x225.jpg 300w, https:\/\/gruper.com.do\/web\/wp-content\/uploads\/2025\/03\/Camion-1-768x576.jpg 768w, https:\/\/gruper.com.do\/web\/wp-content\/uploads\/2025\/03\/Camion-1-1536x1152.jpg 1536w, https:\/\/gruper.com.do\/web\/wp-content\/uploads\/2025\/03\/Camion-1-1500x1125.jpg 1500w, https:\/\/gruper.com.do\/web\/wp-content\/uploads\/2025\/03\/Camion-1-705x529.jpg 705w, https:\/\/gruper.com.do\/web\/wp-content\/uploads\/2025\/03\/Camion-1.jpg 1600w\" data-sizes=\"(max-width: 1030px) 100vw, 1030px\"  aria-label=\"image image with no title\"  id='av-masonry-1-item-468' data-av-masonry-item='468' class='av-masonry-entry isotope-item post-468 attachment type-attachment status-inherit hentry  av-masonry-item-with-image' title=\"\" alt=\"\"    itemprop=\"thumbnailUrl\" ><div class='av-inner-masonry-sizer'><\/div><figure class='av-inner-masonry main_color'><div class=\"av-masonry-outerimage-container\"><div class='av-masonry-image-container' style=\"background-image: url(https:\/\/gruper.com.do\/web\/wp-content\/uploads\/2025\/03\/Camion-1-1030x773.jpg);\" ><\/div><\/div><\/figure><\/a><!--end av-masonry entry--><a href=\"https:\/\/gruper.com.do\/web\/wp-content\/uploads\/2025\/03\/Camion-2-1030x773.jpg\" data-srcset=\"https:\/\/gruper.com.do\/web\/wp-content\/uploads\/2025\/03\/Camion-2-1030x773.jpg 1030w, https:\/\/gruper.com.do\/web\/wp-content\/uploads\/2025\/03\/Camion-2-300x225.jpg 300w, https:\/\/gruper.com.do\/web\/wp-content\/uploads\/2025\/03\/Camion-2-768x576.jpg 768w, https:\/\/gruper.com.do\/web\/wp-content\/uploads\/2025\/03\/Camion-2-1536x1152.jpg 1536w, https:\/\/gruper.com.do\/web\/wp-content\/uploads\/2025\/03\/Camion-2-1500x1125.jpg 1500w, https:\/\/gruper.com.do\/web\/wp-content\/uploads\/2025\/03\/Camion-2-705x529.jpg 705w, https:\/\/gruper.com.do\/web\/wp-content\/uploads\/2025\/03\/Camion-2.jpg 1600w\" data-sizes=\"(max-width: 1030px) 100vw, 1030px\"  aria-label=\"image image with no title\"  id='av-masonry-1-item-469' data-av-masonry-item='469' class='av-masonry-entry isotope-item post-469 attachment type-attachment status-inherit hentry  av-masonry-item-with-image' title=\"\" alt=\"\"    itemprop=\"thumbnailUrl\" ><div class='av-inner-masonry-sizer'><\/div><figure class='av-inner-masonry main_color'><div class=\"av-masonry-outerimage-container\"><div class='av-masonry-image-container' style=\"background-image: url(https:\/\/gruper.com.do\/web\/wp-content\/uploads\/2025\/03\/Camion-2-1030x773.jpg);\" ><\/div><\/div><\/figure><\/a><!--end av-masonry entry--><a href=\"https:\/\/gruper.com.do\/web\/wp-content\/uploads\/2025\/03\/Camion-3-1030x773.jpg\" data-srcset=\"https:\/\/gruper.com.do\/web\/wp-content\/uploads\/2025\/03\/Camion-3-1030x773.jpg 1030w, https:\/\/gruper.com.do\/web\/wp-content\/uploads\/2025\/03\/Camion-3-300x225.jpg 300w, https:\/\/gruper.com.do\/web\/wp-content\/uploads\/2025\/03\/Camion-3-768x576.jpg 768w, https:\/\/gruper.com.do\/web\/wp-content\/uploads\/2025\/03\/Camion-3-1536x1152.jpg 1536w, https:\/\/gruper.com.do\/web\/wp-content\/uploads\/2025\/03\/Camion-3-1500x1125.jpg 1500w, https:\/\/gruper.com.do\/web\/wp-content\/uploads\/2025\/03\/Camion-3-705x529.jpg 705w, https:\/\/gruper.com.do\/web\/wp-content\/uploads\/2025\/03\/Camion-3.jpg 1600w\" data-sizes=\"(max-width: 1030px) 100vw, 1030px\"  aria-label=\"image image with no title\"  id='av-masonry-1-item-470' data-av-masonry-item='470' class='av-masonry-entry isotope-item post-470 attachment type-attachment status-inherit hentry  av-masonry-item-with-image' title=\"\" alt=\"\"    itemprop=\"thumbnailUrl\" ><div class='av-inner-masonry-sizer'><\/div><figure class='av-inner-masonry main_color'><div class=\"av-masonry-outerimage-container\"><div class='av-masonry-image-container' style=\"background-image: url(https:\/\/gruper.com.do\/web\/wp-content\/uploads\/2025\/03\/Camion-3-1030x773.jpg);\" ><\/div><\/div><\/figure><\/a><!--end av-masonry entry--><a href=\"https:\/\/gruper.com.do\/web\/wp-content\/uploads\/2025\/03\/Camion-4-1030x773.jpg\" data-srcset=\"https:\/\/gruper.com.do\/web\/wp-content\/uploads\/2025\/03\/Camion-4-1030x773.jpg 1030w, https:\/\/gruper.com.do\/web\/wp-content\/uploads\/2025\/03\/Camion-4-300x225.jpg 300w, https:\/\/gruper.com.do\/web\/wp-content\/uploads\/2025\/03\/Camion-4-768x576.jpg 768w, https:\/\/gruper.com.do\/web\/wp-content\/uploads\/2025\/03\/Camion-4-1536x1152.jpg 1536w, https:\/\/gruper.com.do\/web\/wp-content\/uploads\/2025\/03\/Camion-4-1500x1125.jpg 1500w, https:\/\/gruper.com.do\/web\/wp-content\/uploads\/2025\/03\/Camion-4-705x529.jpg 705w, https:\/\/gruper.com.do\/web\/wp-content\/uploads\/2025\/03\/Camion-4.jpg 1600w\" data-sizes=\"(max-width: 1030px) 100vw, 1030px\"  aria-label=\"image image with no title\"  id='av-masonry-1-item-471' data-av-masonry-item='471' class='av-masonry-entry isotope-item post-471 attachment type-attachment status-inherit hentry  av-masonry-item-with-image' title=\"\" alt=\"\"    itemprop=\"thumbnailUrl\" ><div class='av-inner-masonry-sizer'><\/div><figure class='av-inner-masonry main_color'><div class=\"av-masonry-outerimage-container\"><div class='av-masonry-image-container' style=\"background-image: url(https:\/\/gruper.com.do\/web\/wp-content\/uploads\/2025\/03\/Camion-4-1030x773.jpg);\" ><\/div><\/div><\/figure><\/a><!--end av-masonry entry--><a href=\"https:\/\/gruper.com.do\/web\/wp-content\/uploads\/2025\/03\/Retro-Pala-1030x481.jpg\" data-srcset=\"https:\/\/gruper.com.do\/web\/wp-content\/uploads\/2025\/03\/Retro-Pala-1030x481.jpg 1030w, https:\/\/gruper.com.do\/web\/wp-content\/uploads\/2025\/03\/Retro-Pala-300x140.jpg 300w, https:\/\/gruper.com.do\/web\/wp-content\/uploads\/2025\/03\/Retro-Pala-768x359.jpg 768w, https:\/\/gruper.com.do\/web\/wp-content\/uploads\/2025\/03\/Retro-Pala-1536x717.jpg 1536w, https:\/\/gruper.com.do\/web\/wp-content\/uploads\/2025\/03\/Retro-Pala-1500x700.jpg 1500w, https:\/\/gruper.com.do\/web\/wp-content\/uploads\/2025\/03\/Retro-Pala-705x329.jpg 705w, https:\/\/gruper.com.do\/web\/wp-content\/uploads\/2025\/03\/Retro-Pala.jpg 1600w\" data-sizes=\"(max-width: 1030px) 100vw, 1030px\"  aria-label=\"image image with no title\"  id='av-masonry-1-item-472' data-av-masonry-item='472' class='av-masonry-entry isotope-item post-472 attachment type-attachment status-inherit hentry  av-masonry-item-with-image' title=\"\" alt=\"\"    itemprop=\"thumbnailUrl\" ><div class='av-inner-masonry-sizer'><\/div><figure class='av-inner-masonry main_color'><div class=\"av-masonry-outerimage-container\"><div class='av-masonry-image-container' style=\"background-image: url(https:\/\/gruper.com.do\/web\/wp-content\/uploads\/2025\/03\/Retro-Pala-1030x481.jpg);\" ><\/div><\/div><\/figure><\/a><!--end av-masonry entry--><a href=\"https:\/\/gruper.com.do\/web\/wp-content\/uploads\/2025\/04\/Jac-Volteo-3.png\" data-srcset=\"https:\/\/gruper.com.do\/web\/wp-content\/uploads\/2025\/04\/Jac-Volteo-3.png 788w, https:\/\/gruper.com.do\/web\/wp-content\/uploads\/2025\/04\/Jac-Volteo-3-300x197.png 300w, https:\/\/gruper.com.do\/web\/wp-content\/uploads\/2025\/04\/Jac-Volteo-3-768x504.png 768w, https:\/\/gruper.com.do\/web\/wp-content\/uploads\/2025\/04\/Jac-Volteo-3-705x463.png 705w\" data-sizes=\"(max-width: 788px) 100vw, 788px\"  aria-label=\"image image with no title\"  id='av-masonry-1-item-532' data-av-masonry-item='532' class='av-masonry-entry isotope-item post-532 attachment type-attachment status-inherit hentry  av-masonry-item-with-image' title=\"\" alt=\"\"    itemprop=\"thumbnailUrl\" ><div class='av-inner-masonry-sizer'><\/div><figure class='av-inner-masonry main_color'><div class=\"av-masonry-outerimage-container\"><div class='av-masonry-image-container' style=\"background-image: url(https:\/\/gruper.com.do\/web\/wp-content\/uploads\/2025\/04\/Jac-Volteo-3.png);\" ><\/div><\/div><\/figure><\/a><!--end av-masonry entry--><a href=\"https:\/\/gruper.com.do\/web\/wp-content\/uploads\/2025\/04\/JAC.png\" data-srcset=\"https:\/\/gruper.com.do\/web\/wp-content\/uploads\/2025\/04\/JAC.png 955w, https:\/\/gruper.com.do\/web\/wp-content\/uploads\/2025\/04\/JAC-300x175.png 300w, https:\/\/gruper.com.do\/web\/wp-content\/uploads\/2025\/04\/JAC-768x447.png 768w, https:\/\/gruper.com.do\/web\/wp-content\/uploads\/2025\/04\/JAC-705x410.png 705w\" data-sizes=\"(max-width: 955px) 100vw, 955px\"  aria-label=\"image image with no title\"  id='av-masonry-1-item-533' data-av-masonry-item='533' class='av-masonry-entry isotope-item post-533 attachment type-attachment status-inherit hentry  av-masonry-item-with-image' title=\"\" alt=\"\"    itemprop=\"thumbnailUrl\" ><div class='av-inner-masonry-sizer'><\/div><figure class='av-inner-masonry main_color'><div class=\"av-masonry-outerimage-container\"><div class='av-masonry-image-container' style=\"background-image: url(https:\/\/gruper.com.do\/web\/wp-content\/uploads\/2025\/04\/JAC.png);\" ><\/div><\/div><\/figure><\/a><!--end av-masonry entry--><a href=\"https:\/\/gruper.com.do\/web\/wp-content\/uploads\/2025\/04\/Jac-VOLTEO-2.png\" data-srcset=\"https:\/\/gruper.com.do\/web\/wp-content\/uploads\/2025\/04\/Jac-VOLTEO-2.png 868w, https:\/\/gruper.com.do\/web\/wp-content\/uploads\/2025\/04\/Jac-VOLTEO-2-300x195.png 300w, https:\/\/gruper.com.do\/web\/wp-content\/uploads\/2025\/04\/Jac-VOLTEO-2-768x499.png 768w, https:\/\/gruper.com.do\/web\/wp-content\/uploads\/2025\/04\/Jac-VOLTEO-2-705x458.png 705w\" data-sizes=\"(max-width: 868px) 100vw, 868px\"  aria-label=\"image image with no title\"  id='av-masonry-1-item-534' data-av-masonry-item='534' class='av-masonry-entry isotope-item post-534 attachment type-attachment status-inherit hentry  av-masonry-item-with-image' title=\"\" alt=\"\"    itemprop=\"thumbnailUrl\" ><div class='av-inner-masonry-sizer'><\/div><figure class='av-inner-masonry main_color'><div class=\"av-masonry-outerimage-container\"><div class='av-masonry-image-container' style=\"background-image: url(https:\/\/gruper.com.do\/web\/wp-content\/uploads\/2025\/04\/Jac-VOLTEO-2.png);\" ><\/div><\/div><\/figure><\/a><!--end av-masonry entry--><a href=\"https:\/\/gruper.com.do\/web\/wp-content\/uploads\/2025\/04\/Jac-volteo.png\" data-srcset=\"https:\/\/gruper.com.do\/web\/wp-content\/uploads\/2025\/04\/Jac-volteo.png 854w, https:\/\/gruper.com.do\/web\/wp-content\/uploads\/2025\/04\/Jac-volteo-300x202.png 300w, https:\/\/gruper.com.do\/web\/wp-content\/uploads\/2025\/04\/Jac-volteo-768x517.png 768w, https:\/\/gruper.com.do\/web\/wp-content\/uploads\/2025\/04\/Jac-volteo-705x475.png 705w\" data-sizes=\"(max-width: 854px) 100vw, 854px\"  aria-label=\"image image with no title\"  id='av-masonry-1-item-535' data-av-masonry-item='535' class='av-masonry-entry isotope-item post-535 attachment type-attachment status-inherit hentry  av-masonry-item-with-image' title=\"\" alt=\"\"    itemprop=\"thumbnailUrl\" ><div class='av-inner-masonry-sizer'><\/div><figure class='av-inner-masonry main_color'><div class=\"av-masonry-outerimage-container\"><div class='av-masonry-image-container' style=\"background-image: url(https:\/\/gruper.com.do\/web\/wp-content\/uploads\/2025\/04\/Jac-volteo.png);\" ><\/div><\/div><\/figure><\/a><!--end av-masonry entry--><\/div><\/div><\/div>\n<div  class='avia-button-wrap av-mfk9uelp-1bcc72dc379a236723803e6874699d4c-wrap avia-button-center  avia-builder-el-8  el_after_av_one_full  avia-builder-el-last '><a href='https:\/\/gruper.com.do\/web\/contactar\/'  class='avia-button av-mfk9uelp-1bcc72dc379a236723803e6874699d4c av-link-btn avia-icon_select-yes-left-icon avia-size-x-large avia-position-center avia-color-theme-color'   aria-label=\"Cont\u00e1ctenos\"><span class='avia_button_icon avia_button_icon_left avia-iconfont avia-font-entypo-fontello' data-av_icon='\ue854' data-av_iconfont='entypo-fontello' ><\/span><span class='avia_iconbox_title' >Cont\u00e1ctenos<\/span><\/a><\/div>\n","protected":false},"excerpt":{"rendered":"","protected":false},"author":1,"featured_media":0,"parent":0,"menu_order":0,"comment_status":"closed","ping_status":"closed","template":"","meta":{"footnotes":""},"class_list":["post-467","page","type-page","status-publish","hentry"],"_links":{"self":[{"href":"https:\/\/gruper.com.do\/web\/wp-json\/wp\/v2\/pages\/467","targetHints":{"allow":["GET"]}}],"collection":[{"href":"https:\/\/gruper.com.do\/web\/wp-json\/wp\/v2\/pages"}],"about":[{"href":"https:\/\/gruper.com.do\/web\/wp-json\/wp\/v2\/types\/page"}],"author":[{"embeddable":true,"href":"https:\/\/gruper.com.do\/web\/wp-json\/wp\/v2\/users\/1"}],"replies":[{"embeddable":true,"href":"https:\/\/gruper.com.do\/web\/wp-json\/wp\/v2\/comments?post=467"}],"version-history":[{"count":16,"href":"https:\/\/gruper.com.do\/web\/wp-json\/wp\/v2\/pages\/467\/revisions"}],"predecessor-version":[{"id":609,"href":"https:\/\/gruper.com.do\/web\/wp-json\/wp\/v2\/pages\/467\/revisions\/609"}],"wp:attachment":[{"href":"https:\/\/gruper.com.do\/web\/wp-json\/wp\/v2\/media?parent=467"}],"curies":[{"name":"wp","href":"https:\/\/api.w.org\/{rel}","templated":true}]}}