{"id":252,"date":"2015-10-21T12:34:01","date_gmt":"2015-10-21T12:34:01","guid":{"rendered":"http:\/\/test.kriesi.at\/construction\/?page_id=31"},"modified":"2025-05-08T09:47:35","modified_gmt":"2025-05-08T09:47:35","slug":"compania","status":"publish","type":"page","link":"https:\/\/gruper.com.do\/web\/compania\/","title":{"rendered":"\u00bfQUIENES SOMOS?"},"content":{"rendered":"<div id='full_slider_1'  class='avia-fullwidth-slider main_color avia-shadow   avia-builder-el-0  el_before_av_section  avia-builder-el-first   container_wrap sidebar_right'  ><div  class='avia-slideshow av-6o4f9o-9a8a08eed4cf263211115261a146d7df avia-slideshow-featured_large av_slideshow_full avia-fade-slider av-slideshow-ui av-control-hidden av-no-slider-navigation av-hide-nav-arrows av-slideshow-autoplay av-loop-endless av-loop-manual-endless av-default-height-applied   avia-slideshow-1' data-slideshow-options=\"{&quot;animation&quot;:&quot;fade&quot;,&quot;autoplay&quot;:true,&quot;loop_autoplay&quot;:&quot;endless&quot;,&quot;interval&quot;:5,&quot;loop_manual&quot;:&quot;manual-endless&quot;,&quot;autoplay_stopper&quot;:false,&quot;noNavigation&quot;:true,&quot;bg_slider&quot;:false,&quot;keep_padding&quot;:false,&quot;hoverpause&quot;:false,&quot;show_slide_delay&quot;:0}\"  itemprop=\"image\" itemscope=\"itemscope\" itemtype=\"https:\/\/schema.org\/ImageObject\" ><ul class='avia-slideshow-inner ' style='padding-bottom: 42%;'><li  class='avia-slideshow-slide av-6o4f9o-9a8a08eed4cf263211115261a146d7df__0  av-single-slide slide-1 slide-odd'><div data-rel='slideshow-1' class='avia-slide-wrap '   ><img decoding=\"async\" fetchpriority=\"high\" class=\"wp-image-544 avia-img-lazy-loading-not-544\"  src=\"https:\/\/gruper.com.do\/web\/wp-content\/uploads\/2025\/05\/DSC_8008-copy_2025-4-25_conflict-1-1500x630.jpg\" width=\"1500\" height=\"630\" title='DSC_8008 copy_2025-4-25_conflict (1)' alt=''  itemprop=\"thumbnailUrl\"   \/><\/div><\/li><\/ul><\/div><\/div>\n<div id='av_section_1'  class='avia-section av-66kfq4-759744b722c9d0836ab103820728bafa main_color avia-section-large avia-no-border-styling  avia-builder-el-1  el_after_av_slideshow_full  el_before_av_section  avia-bg-style-scroll container_wrap sidebar_right'  ><div class='container av-section-cont-open' ><div class='template-page content  av-content-small alpha units'><div class='post-entry post-entry-type-page post-entry-252'><div class='entry-content-wrapper clearfix'>\n\n<style type=\"text\/css\" data-created_by=\"avia_inline_auto\" id=\"style-css-av-63rf5g-e78aa9e1b932900bdb188cc273563650\">\n#top .av-special-heading.av-63rf5g-e78aa9e1b932900bdb188cc273563650{\npadding-bottom:0;\n}\nbody .av-special-heading.av-63rf5g-e78aa9e1b932900bdb188cc273563650 .av-special-heading-tag .heading-char{\nfont-size:25px;\n}\n.av-special-heading.av-63rf5g-e78aa9e1b932900bdb188cc273563650 .av-subheading{\nfont-size:15px;\n}\n<\/style>\n<div  class='av-special-heading av-63rf5g-e78aa9e1b932900bdb188cc273563650 av-special-heading-h2 blockquote modern-quote modern-centered  avia-builder-el-2  el_before_av_hr  avia-builder-el-first '><h2 class='av-special-heading-tag '  itemprop=\"headline\"  >\u00bfQUI\u00c9NES SOMOS?<\/h2><div class=\"special-heading-border\"><div class=\"special-heading-inner-border\"><\/div><\/div><\/div>\n\n<style type=\"text\/css\" data-created_by=\"avia_inline_auto\" id=\"style-css-av-5vbn70-fe8a8d26d337fc146635248fdf600bc8\">\n#top .hr.av-5vbn70-fe8a8d26d337fc146635248fdf600bc8{\nmargin-top:5px;\nmargin-bottom:5px;\n}\n.hr.av-5vbn70-fe8a8d26d337fc146635248fdf600bc8 .hr-inner{\nwidth:50px;\nborder-color:#0d9259;\n}\n<\/style>\n<div  class='hr av-5vbn70-fe8a8d26d337fc146635248fdf600bc8 hr-custom  avia-builder-el-3  el_after_av_heading  avia-builder-el-last  hr-center hr-icon-no'><span class='hr-inner inner-border-av-border-fat'><span class=\"hr-inner-style\"><\/span><\/span><\/div>\n\n<\/div><\/div><\/div><!-- close content main div --><\/div><\/div>\n<style type=\"text\/css\" data-created_by=\"avia_inline_auto\" id=\"style-css-av-3qsclw-f6b1baeb6e760e2687ecc4e5c42f713f\">\n.avia-section.av-3qsclw-f6b1baeb6e760e2687ecc4e5c42f713f{\nbackground-color:#fcfcfc;\nbackground-image:unset;\n}\n<\/style>\n<div id='av_section_2'  class='avia-section av-3qsclw-f6b1baeb6e760e2687ecc4e5c42f713f main_color avia-section-large avia-no-shadow  avia-builder-el-4  el_after_av_section  el_before_av_one_half  avia-bg-style-scroll container_wrap sidebar_right'  ><div class='container av-section-cont-open' ><div class='template-page content  av-content-small alpha units'><div class='post-entry post-entry-type-page post-entry-252'><div class='entry-content-wrapper clearfix'>\n\n<style type=\"text\/css\" data-created_by=\"avia_inline_auto\" id=\"style-css-av-3l4mi4-6da20c3ffbc475b5941485dc4b77dce9\">\n.flex_column.av-3l4mi4-6da20c3ffbc475b5941485dc4b77dce9{\nborder-width:1px;\nborder-color:#e1e1e1;\nborder-style:solid;\nborder-radius:0px 0px 0px 0px;\npadding:20px 20px 20px 20px;\nbackground-color:#ffffff;\n}\n<\/style>\n<div  class='flex_column av-3l4mi4-6da20c3ffbc475b5941485dc4b77dce9 av_one_full  avia-builder-el-5  avia-builder-el-no-sibling  first flex_column_div av-animated-generic bottom-to-top  '     ><style type=\"text\/css\" data-created_by=\"avia_inline_auto\" id=\"style-css-av-3g2s7g-bace1599bd56ddfe6356bf30e8b588c8\">\n#top .av_textblock_section.av-3g2s7g-bace1599bd56ddfe6356bf30e8b588c8 .avia_textblock{\ncolor:#111111;\n}\n<\/style>\n<section  class='av_textblock_section av-3g2s7g-bace1599bd56ddfe6356bf30e8b588c8 '   itemscope=\"itemscope\" itemtype=\"https:\/\/schema.org\/CreativeWork\" ><div class='avia_textblock av_inherit_color'  itemprop=\"text\" ><p>Gruper\u00a0empresa dedicada al servicio de obra civil, donde inicia sus actividades en el 2005 construyendo alternativas econ\u00f3micas \u00a0para el sector p\u00fablico y\u00a0privado.<\/p>\n<p>Gruper, se especializa en Obra civil, servicio de Estructura de acero, Tuber\u00edas de drenajes, ventas de materiales para construcci\u00f3n,\u00a0 Movimientos de equipos, etc\u00a0 tanto como\u00a0para compa\u00f1\u00edas como para casas familiares.<\/p>\n<p>A trav\u00e9s del tiempo se ha consolidado logrando excelentes resultados en la \u00a0Rep Dom, con la apertura de los mercados, y la globalizaci\u00f3n de la econom\u00eda,\u00a0 donde el pa\u00eds se encuentra en una etapa de franco desarrollo estructural<\/p>\n<p>Gruper les garantiza calidad, eficiencia, responsabilidad en todos los trabajos, siempre bajo la \u00f3ptica de nuestro calificado personal.<\/p>\n<p>Durante varios a\u00f1os Gruper, se ha desarrollado en el \u00e1mbito industrial e inmobiliario, ofreciendo una gran diversidad de servicios, siempre adaptados a sus necesidades y presupuesto. Contamos con un equipo humano calificado \u00a0y experimentado que se encarga de satisfacer las necesidades de nuestros clientes para el cumplimiento de la garant\u00eda de nuestros trabajos.<\/p>\n<p>Nuestra compa\u00f1\u00eda fomenta los valores como la honestidad, disciplina, trabajo en equipo, buenas relaciones humanas, superaci\u00f3n,\u00a0honradez, etc, lo que nos distingue como una empresa que ofrece calidad y servicios confiables.<\/p>\n<\/div><\/section><\/div>\n<\/div><\/div><\/div><!-- close content main div --><\/div><\/div><div id='after_section_2'  class='main_color av_default_container_wrap container_wrap sidebar_right'  ><div class='container av-section-cont-open' ><div class='template-page content  av-content-small alpha units'><div class='post-entry post-entry-type-page post-entry-252'><div class='entry-content-wrapper clearfix'>\n<div  class='flex_column av-zcx1g-df321e9423e02e8ef1eeace1d3a66200 av_one_half  avia-builder-el-7  el_after_av_section  el_before_av_one_half  avia-builder-el-first  first flex_column_div av-animated-generic fade-in  '     ><section  class='avia-team-member av-maf6evr6-4c4b29b355841170bbb248e25135c308  avia-builder-el-8  avia-builder-el-no-sibling '  itemscope=\"itemscope\" itemtype=\"https:\/\/schema.org\/Person\" ><div class=\"team-img-container\"><img decoding=\"async\" fetchpriority=\"high\" class='wp-image-546 avia-img-lazy-loading-not-546 avia_image avia_image_team' src=\"https:\/\/gruper.com.do\/web\/wp-content\/uploads\/2025\/05\/DSC_8026_2025-4-25_conflict-1.jpg\" alt='Ing. Wilfrido C\u00e9sar Perdomo Garc\u00eda'  itemprop=\"image\"   height=\"2500\" width=\"1667\" srcset=\"https:\/\/gruper.com.do\/web\/wp-content\/uploads\/2025\/05\/DSC_8026_2025-4-25_conflict-1.jpg 1667w, https:\/\/gruper.com.do\/web\/wp-content\/uploads\/2025\/05\/DSC_8026_2025-4-25_conflict-1-200x300.jpg 200w, https:\/\/gruper.com.do\/web\/wp-content\/uploads\/2025\/05\/DSC_8026_2025-4-25_conflict-1-687x1030.jpg 687w, https:\/\/gruper.com.do\/web\/wp-content\/uploads\/2025\/05\/DSC_8026_2025-4-25_conflict-1-768x1152.jpg 768w, https:\/\/gruper.com.do\/web\/wp-content\/uploads\/2025\/05\/DSC_8026_2025-4-25_conflict-1-1024x1536.jpg 1024w, https:\/\/gruper.com.do\/web\/wp-content\/uploads\/2025\/05\/DSC_8026_2025-4-25_conflict-1-1366x2048.jpg 1366w, https:\/\/gruper.com.do\/web\/wp-content\/uploads\/2025\/05\/DSC_8026_2025-4-25_conflict-1-1000x1500.jpg 1000w, https:\/\/gruper.com.do\/web\/wp-content\/uploads\/2025\/05\/DSC_8026_2025-4-25_conflict-1-470x705.jpg 470w\" sizes=\"(max-width: 1667px) 100vw, 1667px\" \/><\/div><h3 class='team-member-name '  itemprop=\"name\" >Ing. Wilfrido C\u00e9sar Perdomo Garc\u00eda<\/h3><div class='team-member-job-title '  itemprop=\"jobTitle\" >Presidente<\/div><span class='hidden team-member-affiliation'  itemprop=\"affiliation\" >GRUPER, S.R.L.  Grupo Perdomo<\/span><\/section><\/div>\n<div  class='flex_column av-t5jdg-2edc84f9aa6be5e1acf9a4c34be7d0ec av_one_half  avia-builder-el-9  el_after_av_one_half  el_before_av_one_third  flex_column_div av-animated-generic fade-in  '     ><section  class='avia-team-member av-maf6g6qf-21983b4648277cf1559794e2c891e0ee  avia-builder-el-10  avia-builder-el-no-sibling '  itemscope=\"itemscope\" itemtype=\"https:\/\/schema.org\/Person\" ><div class=\"team-img-container\"><img decoding=\"async\" fetchpriority=\"high\" class='wp-image-542 avia-img-lazy-loading-not-542 avia_image avia_image_team' src=\"https:\/\/gruper.com.do\/web\/wp-content\/uploads\/2025\/05\/DSC_8015_2025-4-25_conflict-1-scaled.jpg\" alt='Jinett Rodr\u00edguez de Perdomo'  itemprop=\"image\"   height=\"2560\" width=\"1741\" srcset=\"https:\/\/gruper.com.do\/web\/wp-content\/uploads\/2025\/05\/DSC_8015_2025-4-25_conflict-1-scaled.jpg 1741w, https:\/\/gruper.com.do\/web\/wp-content\/uploads\/2025\/05\/DSC_8015_2025-4-25_conflict-1-204x300.jpg 204w, https:\/\/gruper.com.do\/web\/wp-content\/uploads\/2025\/05\/DSC_8015_2025-4-25_conflict-1-700x1030.jpg 700w, https:\/\/gruper.com.do\/web\/wp-content\/uploads\/2025\/05\/DSC_8015_2025-4-25_conflict-1-768x1129.jpg 768w, https:\/\/gruper.com.do\/web\/wp-content\/uploads\/2025\/05\/DSC_8015_2025-4-25_conflict-1-1045x1536.jpg 1045w, https:\/\/gruper.com.do\/web\/wp-content\/uploads\/2025\/05\/DSC_8015_2025-4-25_conflict-1-1393x2048.jpg 1393w, https:\/\/gruper.com.do\/web\/wp-content\/uploads\/2025\/05\/DSC_8015_2025-4-25_conflict-1-1020x1500.jpg 1020w, https:\/\/gruper.com.do\/web\/wp-content\/uploads\/2025\/05\/DSC_8015_2025-4-25_conflict-1-479x705.jpg 479w\" sizes=\"(max-width: 1741px) 100vw, 1741px\" \/><\/div><h3 class='team-member-name '  itemprop=\"name\" >Jinett Rodr\u00edguez de Perdomo<\/h3><div class='team-member-job-title '  itemprop=\"jobTitle\" >Gerente Administrativa <\/div><span class='hidden team-member-affiliation'  itemprop=\"affiliation\" >GRUPER, S.R.L.  Grupo Perdomo<\/span><\/section><\/div>\n<div  class='flex_column av-iouf0-38f416a95b201b2f4b431e3477978a6d av_one_third  avia-builder-el-11  el_after_av_one_half  el_before_av_one_third  first flex_column_div av-animated-generic fade-in  column-top-margin'     ><section  class='avia-team-member av-maf6ha7z-68eab8a997402051462cece400490628  avia-builder-el-12  avia-builder-el-no-sibling '  itemscope=\"itemscope\" itemtype=\"https:\/\/schema.org\/Person\" ><div class=\"team-img-container\"><img decoding=\"async\" fetchpriority=\"high\" class='wp-image-541 avia-img-lazy-loading-not-541 avia_image avia_image_team' src=\"https:\/\/gruper.com.do\/web\/wp-content\/uploads\/2025\/05\/DSC_8018_2025-4-25_conflict-1-scaled.jpg\" alt='Jahn Berkis D\u00edaz Almonte '  itemprop=\"image\"   height=\"2560\" width=\"1792\" srcset=\"https:\/\/gruper.com.do\/web\/wp-content\/uploads\/2025\/05\/DSC_8018_2025-4-25_conflict-1-scaled.jpg 1792w, https:\/\/gruper.com.do\/web\/wp-content\/uploads\/2025\/05\/DSC_8018_2025-4-25_conflict-1-210x300.jpg 210w, https:\/\/gruper.com.do\/web\/wp-content\/uploads\/2025\/05\/DSC_8018_2025-4-25_conflict-1-721x1030.jpg 721w, https:\/\/gruper.com.do\/web\/wp-content\/uploads\/2025\/05\/DSC_8018_2025-4-25_conflict-1-768x1097.jpg 768w, https:\/\/gruper.com.do\/web\/wp-content\/uploads\/2025\/05\/DSC_8018_2025-4-25_conflict-1-1075x1536.jpg 1075w, https:\/\/gruper.com.do\/web\/wp-content\/uploads\/2025\/05\/DSC_8018_2025-4-25_conflict-1-1434x2048.jpg 1434w, https:\/\/gruper.com.do\/web\/wp-content\/uploads\/2025\/05\/DSC_8018_2025-4-25_conflict-1-1050x1500.jpg 1050w, https:\/\/gruper.com.do\/web\/wp-content\/uploads\/2025\/05\/DSC_8018_2025-4-25_conflict-1-494x705.jpg 494w\" sizes=\"(max-width: 1792px) 100vw, 1792px\" \/><\/div><h3 class='team-member-name '  itemprop=\"name\" >Jahn Berkis D\u00edaz Almonte <\/h3><div class='team-member-job-title '  itemprop=\"jobTitle\" >Arquitecta<\/div><span class='hidden team-member-affiliation'  itemprop=\"affiliation\" >GRUPER, S.R.L.  Grupo Perdomo<\/span><\/section><\/div>\n<div  class='flex_column av-hsues-ca3962bf96355d28f45154660df354e1 av_one_third  avia-builder-el-13  el_after_av_one_third  el_before_av_one_third  flex_column_div av-animated-generic fade-in  column-top-margin'     ><section  class='avia-team-member av-maf6hwjo-6784913b53c3d73b3aa92902f62f2469  avia-builder-el-14  avia-builder-el-no-sibling '  itemscope=\"itemscope\" itemtype=\"https:\/\/schema.org\/Person\" ><div class=\"team-img-container\"><img decoding=\"async\" fetchpriority=\"high\" class='wp-image-540 avia-img-lazy-loading-not-540 avia_image avia_image_team' src=\"https:\/\/gruper.com.do\/web\/wp-content\/uploads\/2025\/05\/DSC_8023_2025-4-25_conflict-1-scaled.jpg\" alt='Ing. Alan Robert Velazquez Santana'  itemprop=\"image\"   height=\"2560\" width=\"1694\" srcset=\"https:\/\/gruper.com.do\/web\/wp-content\/uploads\/2025\/05\/DSC_8023_2025-4-25_conflict-1-scaled.jpg 1694w, https:\/\/gruper.com.do\/web\/wp-content\/uploads\/2025\/05\/DSC_8023_2025-4-25_conflict-1-198x300.jpg 198w, https:\/\/gruper.com.do\/web\/wp-content\/uploads\/2025\/05\/DSC_8023_2025-4-25_conflict-1-681x1030.jpg 681w, https:\/\/gruper.com.do\/web\/wp-content\/uploads\/2025\/05\/DSC_8023_2025-4-25_conflict-1-768x1161.jpg 768w, https:\/\/gruper.com.do\/web\/wp-content\/uploads\/2025\/05\/DSC_8023_2025-4-25_conflict-1-1016x1536.jpg 1016w, https:\/\/gruper.com.do\/web\/wp-content\/uploads\/2025\/05\/DSC_8023_2025-4-25_conflict-1-1355x2048.jpg 1355w, https:\/\/gruper.com.do\/web\/wp-content\/uploads\/2025\/05\/DSC_8023_2025-4-25_conflict-1-992x1500.jpg 992w, https:\/\/gruper.com.do\/web\/wp-content\/uploads\/2025\/05\/DSC_8023_2025-4-25_conflict-1-466x705.jpg 466w\" sizes=\"(max-width: 1694px) 100vw, 1694px\" \/><\/div><h3 class='team-member-name '  itemprop=\"name\" >Ing. Alan Robert Velazquez Santana<\/h3><div class='team-member-job-title '  itemprop=\"jobTitle\" >Ingeniero Supervisor<\/div><span class='hidden team-member-affiliation'  itemprop=\"affiliation\" >GRUPER, S.R.L.  Grupo Perdomo<\/span><\/section><\/div>\n<div  class='flex_column av-8b9cc-de20914b51ad5232c8821d6e2934a0be av_one_third  avia-builder-el-15  el_after_av_one_third  el_before_av_horizontal_gallery  avia-builder-el-last  flex_column_div av-animated-generic fade-in  column-top-margin'     ><section  class='avia-team-member av-maf6ijvn-6ad7b0f94d6eb77d2cbe0860d4b92ce6  avia-builder-el-16  avia-builder-el-no-sibling '  itemscope=\"itemscope\" itemtype=\"https:\/\/schema.org\/Person\" ><div class=\"team-img-container\"><img decoding=\"async\" fetchpriority=\"high\" class='wp-image-543 avia-img-lazy-loading-not-543 avia_image avia_image_team' src=\"https:\/\/gruper.com.do\/web\/wp-content\/uploads\/2025\/05\/DSC_8010_2025-4-25_conflict-1-scaled.jpg\" alt='Sherlys Disla Soto'  itemprop=\"image\"   height=\"2560\" width=\"1755\" srcset=\"https:\/\/gruper.com.do\/web\/wp-content\/uploads\/2025\/05\/DSC_8010_2025-4-25_conflict-1-scaled.jpg 1755w, https:\/\/gruper.com.do\/web\/wp-content\/uploads\/2025\/05\/DSC_8010_2025-4-25_conflict-1-206x300.jpg 206w, https:\/\/gruper.com.do\/web\/wp-content\/uploads\/2025\/05\/DSC_8010_2025-4-25_conflict-1-706x1030.jpg 706w, https:\/\/gruper.com.do\/web\/wp-content\/uploads\/2025\/05\/DSC_8010_2025-4-25_conflict-1-768x1120.jpg 768w, https:\/\/gruper.com.do\/web\/wp-content\/uploads\/2025\/05\/DSC_8010_2025-4-25_conflict-1-1053x1536.jpg 1053w, https:\/\/gruper.com.do\/web\/wp-content\/uploads\/2025\/05\/DSC_8010_2025-4-25_conflict-1-1404x2048.jpg 1404w, https:\/\/gruper.com.do\/web\/wp-content\/uploads\/2025\/05\/DSC_8010_2025-4-25_conflict-1-1028x1500.jpg 1028w, https:\/\/gruper.com.do\/web\/wp-content\/uploads\/2025\/05\/DSC_8010_2025-4-25_conflict-1-483x705.jpg 483w\" sizes=\"(max-width: 1755px) 100vw, 1755px\" \/><\/div><h3 class='team-member-name '  itemprop=\"name\" >Sherlys Disla Soto<\/h3><div class='team-member-job-title '  itemprop=\"jobTitle\" >Secretaria<\/div><span class='hidden team-member-affiliation'  itemprop=\"affiliation\" >GRUPER, S.R.L.  Grupo Perdomo<\/span><\/section><\/div>\n\n<style type=\"text\/css\" data-created_by=\"avia_inline_auto\" id=\"style-css-av-m8zypuu2-e465c2e115979484324146e081b73a93\">\n.av-horizontal-gallery.av-m8zypuu2-e465c2e115979484324146e081b73a93 .av-horizontal-gallery-inner{\npadding-bottom:45%;\n}\n<\/style>\n<div  class='av-horizontal-gallery av-m8zypuu2-e465c2e115979484324146e081b73a93 av-horizontal-gallery-no-gap av-horizontal-gallery--effect  avia-builder-el-17  el_after_av_one_third  avia-builder-el-last  av-slideshow-ui av-control-hidden av-no-slider-navigation av-hide-nav-arrows av-slideshow-manual av-loop-once av-loop-manual-once av-horizontal-gallery-1' data-slideshow-data=\"{&quot;animation&quot;:&quot;slide&quot;,&quot;autoplay&quot;:false,&quot;loop_autoplay&quot;:&quot;once&quot;,&quot;interval&quot;:5,&quot;loop_manual&quot;:&quot;manual-once&quot;,&quot;autoplay_stopper&quot;:false,&quot;noNavigation&quot;:true,&quot;bg_slider&quot;:false,&quot;keep_padding&quot;:&quot;&quot;,&quot;hoverpause&quot;:false,&quot;show_slide_delay&quot;:0}\"  itemprop=\"image\" itemscope=\"itemscope\" itemtype=\"https:\/\/schema.org\/ImageObject\" ><div class='avia-slideshow-arrows avia-slideshow-controls' ><a href='#prev' class='prev-slide av-horizontal-gallery-prev avia-svg-icon avia-font-svg_entypo-fontello' data-av_svg_icon='left-open-big' data-av_iconset='svg_entypo-fontello' tabindex='-1' title=\"Previous\"><svg version=\"1.1\" xmlns=\"http:\/\/www.w3.org\/2000\/svg\" width=\"15\" height=\"32\" viewBox=\"0 0 15 32\" preserveAspectRatio=\"xMidYMid meet\" aria-labelledby='av-svg-title-1' aria-describedby='av-svg-desc-1' role=\"graphics-symbol\" aria-hidden=\"true\">\n<title id='av-svg-title-1'>Previous<\/title>\n<desc id='av-svg-desc-1'>Previous<\/desc>\n<path d=\"M14.464 27.84q0.832 0.832 0 1.536-0.832 0.832-1.536 0l-12.544-12.608q-0.768-0.768 0-1.6l12.544-12.608q0.704-0.832 1.536 0 0.832 0.704 0 1.536l-11.456 11.904z\"><\/path>\n<\/svg><span class='avia_hidden_link_text'>Previous<\/span><\/a><a href='#next' class='next-slide av-horizontal-gallery-next avia-svg-icon avia-font-svg_entypo-fontello' data-av_svg_icon='right-open-big' data-av_iconset='svg_entypo-fontello' tabindex='-1' title=\"Next\"><svg version=\"1.1\" xmlns=\"http:\/\/www.w3.org\/2000\/svg\" width=\"15\" height=\"32\" viewBox=\"0 0 15 32\" preserveAspectRatio=\"xMidYMid meet\" aria-labelledby='av-svg-title-2' aria-describedby='av-svg-desc-2' role=\"graphics-symbol\" aria-hidden=\"true\">\n<title id='av-svg-title-2'>Next<\/title>\n<desc id='av-svg-desc-2'>Next<\/desc>\n<path d=\"M0.416 27.84l11.456-11.84-11.456-11.904q-0.832-0.832 0-1.536 0.832-0.832 1.536 0l12.544 12.608q0.768 0.832 0 1.6l-12.544 12.608q-0.704 0.832-1.536 0-0.832-0.704 0-1.536z\"><\/path>\n<\/svg><span class='avia_hidden_link_text'>Next<\/span><\/a><\/div><div class='avia-slideshow-dots avia-slideshow-controls av-horizontal-gallery-dots fade-in'><a href='#1' class='goto-slide active' >1<\/a><a href='#2' class='goto-slide ' >2<\/a><a href='#3' class='goto-slide ' >3<\/a><\/div><div class='av-horizontal-gallery-inner' data-av-height='45'><div class=\"av-horizontal-gallery-slider\"><div class=\"av-horizontal-gallery-wrap noHover\"><img decoding=\"async\" fetchpriority=\"high\" class='wp-image-525 avia-img-lazy-loading-not-525 av-horizontal-gallery-img' width=\"744\" height=\"992\" src=\"https:\/\/gruper.com.do\/web\/wp-content\/uploads\/2025\/04\/Mision-1.png\" title='Mision' alt='' srcset=\"https:\/\/gruper.com.do\/web\/wp-content\/uploads\/2025\/04\/Mision-1.png 744w, https:\/\/gruper.com.do\/web\/wp-content\/uploads\/2025\/04\/Mision-1-225x300.png 225w, https:\/\/gruper.com.do\/web\/wp-content\/uploads\/2025\/04\/Mision-1-529x705.png 529w\" sizes=\"(max-width: 744px) 100vw, 744px\" \/><a href=\"https:\/\/gruper.com.do\/web\/wp-content\/uploads\/2025\/04\/Mision-1.png\" data-srcset=\"https:\/\/gruper.com.do\/web\/wp-content\/uploads\/2025\/04\/Mision-1.png 744w, https:\/\/gruper.com.do\/web\/wp-content\/uploads\/2025\/04\/Mision-1-225x300.png 225w, https:\/\/gruper.com.do\/web\/wp-content\/uploads\/2025\/04\/Mision-1-529x705.png 529w\" data-sizes=\"(max-width: 744px) 100vw, 744px\" class='av-horizontal-gallery-link avia-svg-icon avia-font-svg_entypo-fontello' data-av_svg_icon='resize-full' data-av_iconset='svg_entypo-fontello' title='Mision' alt='' aria-label='Open image in lightbox: Mision'><svg version=\"1.1\" xmlns=\"http:\/\/www.w3.org\/2000\/svg\" width=\"25\" height=\"32\" viewBox=\"0 0 25 32\" preserveAspectRatio=\"xMidYMid meet\" aria-labelledby='av-svg-title-3' aria-describedby='av-svg-desc-3' role=\"graphics-symbol\" aria-hidden=\"true\">\n<title id='av-svg-title-3'>Open image in lightbox: Mision<\/title>\n<desc id='av-svg-desc-3'>Open image in lightbox: Mision<\/desc>\n<path d=\"M15.232 3.328h10.112v10.112l-3.2-3.968-4.672 4.864-3.2-3.2 4.864-4.672zM7.872 17.536l3.2 3.2-4.864 4.672 3.904 3.2h-10.112v-10.112l3.2 3.904z\"><\/path>\n<\/svg><\/a><\/div><div class=\"av-horizontal-gallery-wrap noHover\"><img decoding=\"async\" fetchpriority=\"high\" class='wp-image-526 avia-img-lazy-loading-not-526 av-horizontal-gallery-img' width=\"744\" height=\"992\" src=\"https:\/\/gruper.com.do\/web\/wp-content\/uploads\/2025\/04\/Vision-1.png\" title='Vision' alt='' srcset=\"https:\/\/gruper.com.do\/web\/wp-content\/uploads\/2025\/04\/Vision-1.png 744w, https:\/\/gruper.com.do\/web\/wp-content\/uploads\/2025\/04\/Vision-1-225x300.png 225w, https:\/\/gruper.com.do\/web\/wp-content\/uploads\/2025\/04\/Vision-1-529x705.png 529w\" sizes=\"(max-width: 744px) 100vw, 744px\" \/><a href=\"https:\/\/gruper.com.do\/web\/wp-content\/uploads\/2025\/04\/Vision-1.png\" data-srcset=\"https:\/\/gruper.com.do\/web\/wp-content\/uploads\/2025\/04\/Vision-1.png 744w, https:\/\/gruper.com.do\/web\/wp-content\/uploads\/2025\/04\/Vision-1-225x300.png 225w, https:\/\/gruper.com.do\/web\/wp-content\/uploads\/2025\/04\/Vision-1-529x705.png 529w\" data-sizes=\"(max-width: 744px) 100vw, 744px\" class='av-horizontal-gallery-link avia-svg-icon avia-font-svg_entypo-fontello' data-av_svg_icon='resize-full' data-av_iconset='svg_entypo-fontello' title='Vision' alt='' aria-label='Open image in lightbox: Vision'><svg version=\"1.1\" xmlns=\"http:\/\/www.w3.org\/2000\/svg\" width=\"25\" height=\"32\" viewBox=\"0 0 25 32\" preserveAspectRatio=\"xMidYMid meet\" aria-labelledby='av-svg-title-4' aria-describedby='av-svg-desc-4' role=\"graphics-symbol\" aria-hidden=\"true\">\n<title id='av-svg-title-4'>Open image in lightbox: Vision<\/title>\n<desc id='av-svg-desc-4'>Open image in lightbox: Vision<\/desc>\n<path d=\"M15.232 3.328h10.112v10.112l-3.2-3.968-4.672 4.864-3.2-3.2 4.864-4.672zM7.872 17.536l3.2 3.2-4.864 4.672 3.904 3.2h-10.112v-10.112l3.2 3.904z\"><\/path>\n<\/svg><\/a><\/div><div class=\"av-horizontal-gallery-wrap noHover\"><img decoding=\"async\" fetchpriority=\"high\" class='wp-image-527 avia-img-lazy-loading-not-527 av-horizontal-gallery-img' width=\"744\" height=\"992\" src=\"https:\/\/gruper.com.do\/web\/wp-content\/uploads\/2025\/04\/Valores-1.png\" title='Valores' alt='' srcset=\"https:\/\/gruper.com.do\/web\/wp-content\/uploads\/2025\/04\/Valores-1.png 744w, https:\/\/gruper.com.do\/web\/wp-content\/uploads\/2025\/04\/Valores-1-225x300.png 225w, https:\/\/gruper.com.do\/web\/wp-content\/uploads\/2025\/04\/Valores-1-529x705.png 529w\" sizes=\"(max-width: 744px) 100vw, 744px\" \/><a href=\"https:\/\/gruper.com.do\/web\/wp-content\/uploads\/2025\/04\/Valores-1.png\" data-srcset=\"https:\/\/gruper.com.do\/web\/wp-content\/uploads\/2025\/04\/Valores-1.png 744w, https:\/\/gruper.com.do\/web\/wp-content\/uploads\/2025\/04\/Valores-1-225x300.png 225w, https:\/\/gruper.com.do\/web\/wp-content\/uploads\/2025\/04\/Valores-1-529x705.png 529w\" data-sizes=\"(max-width: 744px) 100vw, 744px\" class='av-horizontal-gallery-link avia-svg-icon avia-font-svg_entypo-fontello' data-av_svg_icon='resize-full' data-av_iconset='svg_entypo-fontello' title='Valores' alt='' aria-label='Open image in lightbox: Valores'><svg version=\"1.1\" xmlns=\"http:\/\/www.w3.org\/2000\/svg\" width=\"25\" height=\"32\" viewBox=\"0 0 25 32\" preserveAspectRatio=\"xMidYMid meet\" aria-labelledby='av-svg-title-5' aria-describedby='av-svg-desc-5' role=\"graphics-symbol\" aria-hidden=\"true\">\n<title id='av-svg-title-5'>Open image in lightbox: Valores<\/title>\n<desc id='av-svg-desc-5'>Open image in lightbox: Valores<\/desc>\n<path d=\"M15.232 3.328h10.112v10.112l-3.2-3.968-4.672 4.864-3.2-3.2 4.864-4.672zM7.872 17.536l3.2 3.2-4.864 4.672 3.904 3.2h-10.112v-10.112l3.2 3.904z\"><\/path>\n<\/svg><\/a><\/div><\/div><\/div><\/div>\n","protected":false},"excerpt":{"rendered":"","protected":false},"author":1,"featured_media":0,"parent":0,"menu_order":0,"comment_status":"closed","ping_status":"closed","template":"","meta":{"footnotes":""},"class_list":["post-252","page","type-page","status-publish","hentry"],"_links":{"self":[{"href":"https:\/\/gruper.com.do\/web\/wp-json\/wp\/v2\/pages\/252","targetHints":{"allow":["GET"]}}],"collection":[{"href":"https:\/\/gruper.com.do\/web\/wp-json\/wp\/v2\/pages"}],"about":[{"href":"https:\/\/gruper.com.do\/web\/wp-json\/wp\/v2\/types\/page"}],"author":[{"embeddable":true,"href":"https:\/\/gruper.com.do\/web\/wp-json\/wp\/v2\/users\/1"}],"replies":[{"embeddable":true,"href":"https:\/\/gruper.com.do\/web\/wp-json\/wp\/v2\/comments?post=252"}],"version-history":[{"count":6,"href":"https:\/\/gruper.com.do\/web\/wp-json\/wp\/v2\/pages\/252\/revisions"}],"predecessor-version":[{"id":538,"href":"https:\/\/gruper.com.do\/web\/wp-json\/wp\/v2\/pages\/252\/revisions\/538"}],"wp:attachment":[{"href":"https:\/\/gruper.com.do\/web\/wp-json\/wp\/v2\/media?parent=252"}],"curies":[{"name":"wp","href":"https:\/\/api.w.org\/{rel}","templated":true}]}}